{"id":30299,"date":"2022-10-15T23:36:43","date_gmt":"2022-10-15T21:36:43","guid":{"rendered":"https:\/\/lebongrain.org\/?page_id=30299"},"modified":"2022-10-16T00:08:43","modified_gmt":"2022-10-15T22:08:43","slug":"politique-de-cookies","status":"publish","type":"page","link":"https:\/\/lebongrain.org\/en\/politique-de-cookies\/","title":{"rendered":"Politique de Cookies"},"content":{"rendered":"<style>.elementor-widget-heading .elementor-heading-title{font-family:var( --e-global-typography-primary-font-family ), Sans-serif;font-weight:var( --e-global-typography-primary-font-weight );color:var( --e-global-color-primary );}.elementor-30299 .elementor-element.elementor-element-c7bd771{text-align:center;}.elementor-30299 .elementor-element.elementor-element-c7bd771 .elementor-heading-title{font-family:\"Ubuntu\", Sans-serif;font-size:46px;font-weight:600;color:var( --e-global-color-92c6b2b );}.elementor-30299 .elementor-element.elementor-element-5591f7d5 > .elementor-container > .elementor-column > .elementor-widget-wrap{align-content:center;align-items:center;}.elementor-30299 .elementor-element.elementor-element-5591f7d5{padding:100px 0px 100px 0px;}.elementor-30299 .elementor-element.elementor-element-50b6b5fd > .elementor-element-populated{padding:0px 0px 0px 25px;}.elementor-30299 .elementor-element.elementor-element-1626be7{text-align:start;}.elementor-30299 .elementor-element.elementor-element-1626be7 .elementor-heading-title{font-size:15px;font-weight:300;text-transform:uppercase;color:#bfbfbf;}.elementor-30299 .elementor-element.elementor-element-418c02a{text-align:start;}.elementor-30299 .elementor-element.elementor-element-418c02a .elementor-heading-title{font-size:45px;font-weight:600;color:var( --e-global-color-92c6b2b );}.elementor-widget-text-editor{font-family:var( --e-global-typography-text-font-family ), Sans-serif;font-weight:var( --e-global-typography-text-font-weight );color:var( --e-global-color-text );}.elementor-widget-text-editor.elementor-drop-cap-view-stacked .elementor-drop-cap{background-color:var( --e-global-color-primary );}.elementor-widget-text-editor.elementor-drop-cap-view-framed .elementor-drop-cap, .elementor-widget-text-editor.elementor-drop-cap-view-default .elementor-drop-cap{color:var( --e-global-color-primary );border-color:var( --e-global-color-primary );}.elementor-30299 .elementor-element.elementor-element-49d62445{text-align:start;font-size:16px;font-weight:300;line-height:2em;color:var( --e-global-color-astglobalcolor1 );}.elementor-30299 .elementor-element.elementor-element-d7ec145 > .elementor-container > .elementor-column > .elementor-widget-wrap{align-content:center;align-items:center;}.elementor-30299 .elementor-element.elementor-element-d7ec145{padding:100px 0px 100px 0px;}.elementor-30299 .elementor-element.elementor-element-e0ea2a6 > .elementor-element-populated{padding:0px 0px 0px 25px;}.elementor-30299 .elementor-element.elementor-element-29eaff2{text-align:start;}.elementor-30299 .elementor-element.elementor-element-29eaff2 .elementor-heading-title{font-size:15px;font-weight:300;text-transform:uppercase;color:#bfbfbf;}.elementor-30299 .elementor-element.elementor-element-578c1f3{text-align:start;}.elementor-30299 .elementor-element.elementor-element-578c1f3 .elementor-heading-title{font-size:45px;font-weight:600;color:var( --e-global-color-92c6b2b );}.elementor-30299 .elementor-element.elementor-element-d83f474{text-align:start;font-size:16px;font-weight:300;line-height:2em;color:var( --e-global-color-astglobalcolor1 );}@media(max-width:1024px){.elementor-30299 .elementor-element.elementor-element-5591f7d5{padding:100px 25px 100px 25px;}.elementor-30299 .elementor-element.elementor-element-d7ec145{padding:100px 25px 100px 25px;}}@media(max-width:767px){.elementor-30299 .elementor-element.elementor-element-5591f7d5{padding:50px 20px 50px 20px;}.elementor-30299 .elementor-element.elementor-element-50b6b5fd > .elementor-element-populated{padding:0px 0px 0px 0px;}.elementor-30299 .elementor-element.elementor-element-418c02a .elementor-heading-title{font-size:35px;}.elementor-30299 .elementor-element.elementor-element-d7ec145{padding:50px 20px 50px 20px;}.elementor-30299 .elementor-element.elementor-element-e0ea2a6 > .elementor-element-populated{padding:0px 0px 0px 0px;}.elementor-30299 .elementor-element.elementor-element-578c1f3 .elementor-heading-title{font-size:35px;}}<\/style>\t\t<div data-elementor-type=\"wp-page\" data-elementor-id=\"30299\" class=\"elementor elementor-30299\" data-elementor-post-type=\"page\">\n\t\t\t\t\t\t<section class=\"elementor-section elementor-top-section elementor-element elementor-element-7a6234a elementor-section-boxed elementor-section-height-default elementor-section-height-default\" data-id=\"7a6234a\" data-element_type=\"section\" data-e-type=\"section\" data-settings=\"{&quot;jet_parallax_layout_list&quot;:[]}\">\n\t\t\t\t\t\t<div class=\"elementor-container elementor-column-gap-default\">\n\t\t\t\t\t<div class=\"elementor-column elementor-col-100 elementor-top-column elementor-element elementor-element-f1a3944\" data-id=\"f1a3944\" data-element_type=\"column\" data-e-type=\"column\">\n\t\t\t<div class=\"elementor-widget-wrap elementor-element-populated\">\n\t\t\t\t\t\t<div class=\"elementor-element elementor-element-c7bd771 elementor-widget elementor-widget-heading\" data-id=\"c7bd771\" data-element_type=\"widget\" data-e-type=\"widget\" data-widget_type=\"heading.default\">\n\t\t\t\t<div class=\"elementor-widget-container\">\n\t\t\t\t\t<h2 class=\"elementor-heading-title elementor-size-default\">Notre politique de Cookies<\/h2>\t\t\t\t<\/div>\n\t\t\t\t<\/div>\n\t\t\t\t\t<\/div>\n\t\t<\/div>\n\t\t\t\t\t<\/div>\n\t\t<\/section>\n\t\t\t\t<section class=\"elementor-section elementor-top-section elementor-element elementor-element-5591f7d5 elementor-section-content-middle elementor-section-boxed elementor-section-height-default elementor-section-height-default\" data-id=\"5591f7d5\" data-element_type=\"section\" data-e-type=\"section\" data-settings=\"{&quot;jet_parallax_layout_list&quot;:[]}\">\n\t\t\t\t\t\t<div class=\"elementor-container elementor-column-gap-no\">\n\t\t\t\t\t<div class=\"elementor-column elementor-col-100 elementor-top-column elementor-element elementor-element-50b6b5fd\" data-id=\"50b6b5fd\" data-element_type=\"column\" data-e-type=\"column\">\n\t\t\t<div class=\"elementor-widget-wrap elementor-element-populated\">\n\t\t\t\t\t\t<div class=\"elementor-element elementor-element-1626be7 elementor-widget elementor-widget-heading\" data-id=\"1626be7\" data-element_type=\"widget\" data-e-type=\"widget\" data-widget_type=\"heading.default\">\n\t\t\t\t<div class=\"elementor-widget-container\">\n\t\t\t\t\t<h5 class=\"elementor-heading-title elementor-size-default\">POLITIQUE DE COOKIES<\/h5>\t\t\t\t<\/div>\n\t\t\t\t<\/div>\n\t\t\t\t<div class=\"elementor-element elementor-element-418c02a elementor-widget elementor-widget-heading\" data-id=\"418c02a\" data-element_type=\"widget\" data-e-type=\"widget\" data-widget_type=\"heading.default\">\n\t\t\t\t<div class=\"elementor-widget-container\">\n\t\t\t\t\t<h4 class=\"elementor-heading-title elementor-size-default\">QU\u2019EST-CE QU\u2019UN COOKIE ?<\/h4>\t\t\t\t<\/div>\n\t\t\t\t<\/div>\n\t\t\t\t<div class=\"elementor-element elementor-element-49d62445 elementor-widget elementor-widget-text-editor\" data-id=\"49d62445\" data-element_type=\"widget\" data-e-type=\"widget\" data-widget_type=\"text-editor.default\">\n\t\t\t\t<div class=\"elementor-widget-container\">\n\t\t\t\t\t\t\t\t\t<p style=\"box-sizing: inherit; overflow-wrap: break-word; margin-right: auto; margin-bottom: 1em; margin-left: auto; font-style: normal; font-variant-numeric: inherit; font-variant-east-asian: inherit; font-weight: 400; font-stretch: inherit; font-size: 18px; line-height: inherit; font-family: Lato, 'Helvetica Neue Light', 'Helvetica Neue', Helvetica, Arial, sans-serif; max-width: 800px; color: #4d4d4d;\">Le site <a href=\"https:\/\/lebongrain.org\">www.lebongrain.org<\/a> utilise des \u00ab Cookies \u00bb qui sont des fichiers texte (.txt) plac\u00e9s sur votre ordinateur. Un cookie est un petit fichier de donn\u00e9es (fichier texte) qu\u2019un site Web, lorsqu\u2019il est consult\u00e9 par un utilisateur, demande \u00e0 votre navigateur de stocker sur votre appareil ; ceci dans le but de m\u00e9moriser des informations vous concernant, telles que vos pr\u00e9f\u00e9rences linguistiques ou informations de connexion.<\/p><ul><li>Les Cookies techniquement n\u00e9cessaires au bon fonctionnement des sites web. Ces Cookies permettent notamment d\u2019acc\u00e9der aux espaces r\u00e9serv\u00e9s et personnels des sites. Ces Cookies sont par ailleurs exempt\u00e9s de consentement car consid\u00e9r\u00e9s indispensables pour le bon fonctionnement du site\u00a0<a href=\"https:\/\/lebongrain.org\" target=\"_blank\" rel=\"noopener\">lebongrain.or<\/a>g<\/li><li>Les Cookies utilis\u00e9s pour mesurer et analyser le comportement des internautes lors de la navigation. Ces Cookies permettent d\u2019\u00e9tablir des statistiques sur la fr\u00e9quentation et l\u2019utilisation des divers \u00e9l\u00e9ments que compose le site\u00a0<a href=\"https:\/\/lebongrain.org\" target=\"_blank\" rel=\"noopener\">lebongrain.org<\/a>\u00a0(rubriques et contenus visit\u00e9s, parcours), lui permettant ainsi d\u2019am\u00e9liorer l\u2019int\u00e9r\u00eat et l\u2019ergonomie de ses contenus.<\/li><li>Les Cookies utilis\u00e9s par le service de partage de pages sur les r\u00e9seaux sociaux. Ces Cookies permettent notamment de mesurer l\u2019usage qui est fait des diff\u00e9rents boutons de partages du contenu que LE BON GRAIN propose.<\/li><li>Les Cookies li\u00e9s aux op\u00e9rations relatives \u00e0 la publicit\u00e9. Ces Cookies permettent d\u2019afficher, en temps r\u00e9el, le contenu le plus adapt\u00e9 aux centres d\u2019int\u00e9r\u00eat des internautes d\u00e9duits de leur navigation r\u00e9cente sur les sites d\u2019Action contre la Faim.<\/li><\/ul>\t\t\t\t\t\t\t\t<\/div>\n\t\t\t\t<\/div>\n\t\t\t\t\t<\/div>\n\t\t<\/div>\n\t\t\t\t\t<\/div>\n\t\t<\/section>\n\t\t\t\t<section class=\"elementor-section elementor-top-section elementor-element elementor-element-d7ec145 elementor-section-content-middle elementor-section-boxed elementor-section-height-default elementor-section-height-default\" data-id=\"d7ec145\" data-element_type=\"section\" data-e-type=\"section\" data-settings=\"{&quot;jet_parallax_layout_list&quot;:[]}\">\n\t\t\t\t\t\t<div class=\"elementor-container elementor-column-gap-no\">\n\t\t\t\t\t<div class=\"elementor-column elementor-col-100 elementor-top-column elementor-element elementor-element-e0ea2a6\" data-id=\"e0ea2a6\" data-element_type=\"column\" data-e-type=\"column\">\n\t\t\t<div class=\"elementor-widget-wrap elementor-element-populated\">\n\t\t\t\t\t\t<div class=\"elementor-element elementor-element-29eaff2 elementor-widget elementor-widget-heading\" data-id=\"29eaff2\" data-element_type=\"widget\" data-e-type=\"widget\" data-widget_type=\"heading.default\">\n\t\t\t\t<div class=\"elementor-widget-container\">\n\t\t\t\t\t<h5 class=\"elementor-heading-title elementor-size-default\">POLITIQUE DE COOKIES<\/h5>\t\t\t\t<\/div>\n\t\t\t\t<\/div>\n\t\t\t\t<div class=\"elementor-element elementor-element-578c1f3 elementor-widget elementor-widget-heading\" data-id=\"578c1f3\" data-element_type=\"widget\" data-e-type=\"widget\" data-widget_type=\"heading.default\">\n\t\t\t\t<div class=\"elementor-widget-container\">\n\t\t\t\t\t<h4 class=\"elementor-heading-title elementor-size-default\">G\u00c9RER VOS PR\u00c9F\u00c9RENCES \u00c0 TOUT MOMENT <\/h4>\t\t\t\t<\/div>\n\t\t\t\t<\/div>\n\t\t\t\t<div class=\"elementor-element elementor-element-d83f474 elementor-widget elementor-widget-text-editor\" data-id=\"d83f474\" data-element_type=\"widget\" data-e-type=\"widget\" data-widget_type=\"text-editor.default\">\n\t\t\t\t<div class=\"elementor-widget-container\">\n\t\t\t\t\t\t\t\t\t<p>En dehors des cookies strictement n\u00e9cessaires au fonctionnement de ce site, pour tous les autres types de cookies, nous avons besoin de votre permission, en d\u2019autres termes votre consentement.<\/p><p>En acceptant ces Cookies, vous nous permettez de collecter des informations sur l\u2019utilisation et la fr\u00e9quentation du site. Certaines fonctionnalit\u00e9s de ce site s\u2019appuient sur des services propos\u00e9s par des sites tiers. Ces fonctionnalit\u00e9s d\u00e9posent des Cookies permettant notamment \u00e0 ces sites de tracer votre navigation.<\/p><p>Ces Cookies ne sont d\u00e9pos\u00e9s que si vous donnez votre accord. Vous pouvez vous informer sur la nature des Cookies d\u00e9pos\u00e9s, les accepter ou les refuser soit globalement pour l\u2019ensemble du site et l\u2019ensemble des services, soit service par service. \u00c0 tout moment, vous pouvez modifier ou retirer votre consentement et pouvez g\u00e9rer et personnaliser ces autorisations \u00e0 tout moment.\u00a0<\/p>\t\t\t\t\t\t\t\t<\/div>\n\t\t\t\t<\/div>\n\t\t\t\t\t<\/div>\n\t\t<\/div>\n\t\t\t\t\t<\/div>\n\t\t<\/section>\n\t\t\t\t<\/div>","protected":false},"excerpt":{"rendered":"<p>Notre politique de Cookies POLITIQUE DE COOKIES QU\u2019EST-CE QU\u2019UN COOKIE ? Le site www.lebongrain.org utilise des \u00ab Cookies \u00bb qui sont des fichiers texte (.txt) plac\u00e9s sur votre ordinateur. Un cookie est un petit fichier de donn\u00e9es (fichier texte) qu\u2019un site Web, lorsqu\u2019il est consult\u00e9 par un utilisateur, demande \u00e0 votre navigateur de stocker sur [&hellip;]<\/p>","protected":false},"author":1,"featured_media":0,"parent":0,"menu_order":0,"comment_status":"closed","ping_status":"closed","template":"","meta":{"give_campaign_id":0,"site-sidebar-layout":"no-sidebar","site-content-layout":"page-builder","ast-site-content-layout":"default","site-content-style":"default","site-sidebar-style":"default","ast-global-header-display":"","ast-banner-title-visibility":"","ast-main-header-display":"","ast-hfb-above-header-display":"","ast-hfb-below-header-display":"","ast-hfb-mobile-header-display":"","site-post-title":"disabled","ast-breadcrumbs-content":"","ast-featured-img":"disabled","footer-sml-layout":"","ast-disable-related-posts":"","theme-transparent-header-meta":"","adv-header-id-meta":"","stick-header-meta":"","header-above-stick-meta":"","header-main-stick-meta":"","header-below-stick-meta":"","astra-migrate-meta-layouts":"default","ast-page-background-enabled":"default","ast-page-background-meta":{"desktop":{"background-color":"var(--ast-global-color-4)","background-image":"","background-repeat":"repeat","background-position":"center center","background-size":"auto","background-attachment":"scroll","background-type":"","background-media":"","overlay-type":"","overlay-color":"","overlay-opacity":"","overlay-gradient":""},"tablet":{"background-color":"","background-image":"","background-repeat":"repeat","background-position":"center center","background-size":"auto","background-attachment":"scroll","background-type":"","background-media":"","overlay-type":"","overlay-color":"","overlay-opacity":"","overlay-gradient":""},"mobile":{"background-color":"","background-image":"","background-repeat":"repeat","background-position":"center center","background-size":"auto","background-attachment":"scroll","background-type":"","background-media":"","overlay-type":"","overlay-color":"","overlay-opacity":"","overlay-gradient":""}},"ast-content-background-meta":{"desktop":{"background-color":"var(--ast-global-color-5)","background-image":"","background-repeat":"repeat","background-position":"center center","background-size":"auto","background-attachment":"scroll","background-type":"","background-media":"","overlay-type":"","overlay-color":"","overlay-opacity":"","overlay-gradient":""},"tablet":{"background-color":"var(--ast-global-color-5)","background-image":"","background-repeat":"repeat","background-position":"center center","background-size":"auto","background-attachment":"scroll","background-type":"","background-media":"","overlay-type":"","overlay-color":"","overlay-opacity":"","overlay-gradient":""},"mobile":{"background-color":"var(--ast-global-color-5)","background-image":"","background-repeat":"repeat","background-position":"center center","background-size":"auto","background-attachment":"scroll","background-type":"","background-media":"","overlay-type":"","overlay-color":"","overlay-opacity":"","overlay-gradient":""}},"footnotes":""},"class_list":["post-30299","page","type-page","status-publish","hentry"],"campaignId":"","_links":{"self":[{"href":"https:\/\/lebongrain.org\/en\/wp-json\/wp\/v2\/pages\/30299","targetHints":{"allow":["GET"]}}],"collection":[{"href":"https:\/\/lebongrain.org\/en\/wp-json\/wp\/v2\/pages"}],"about":[{"href":"https:\/\/lebongrain.org\/en\/wp-json\/wp\/v2\/types\/page"}],"author":[{"embeddable":true,"href":"https:\/\/lebongrain.org\/en\/wp-json\/wp\/v2\/users\/1"}],"replies":[{"embeddable":true,"href":"https:\/\/lebongrain.org\/en\/wp-json\/wp\/v2\/comments?post=30299"}],"version-history":[{"count":10,"href":"https:\/\/lebongrain.org\/en\/wp-json\/wp\/v2\/pages\/30299\/revisions"}],"predecessor-version":[{"id":30314,"href":"https:\/\/lebongrain.org\/en\/wp-json\/wp\/v2\/pages\/30299\/revisions\/30314"}],"wp:attachment":[{"href":"https:\/\/lebongrain.org\/en\/wp-json\/wp\/v2\/media?parent=30299"}],"curies":[{"name":"wp","href":"https:\/\/api.w.org\/{rel}","templated":true}]}}